{"id":19356,"date":"2024-05-31T13:29:16","date_gmt":"2024-05-31T19:29:16","guid":{"rendered":"https:\/\/prysmianpro.com\/?page_id=19356"},"modified":"2026-03-12T08:54:42","modified_gmt":"2026-03-12T14:54:42","slug":"sobre-nosotros","status":"publish","type":"page","link":"https:\/\/prysmianpro.com\/en\/sobre-nosotros\/","title":{"rendered":"About Us"},"content":{"rendered":"<div data-elementor-type=\"wp-page\" data-elementor-id=\"19356\" class=\"elementor elementor-19356\" data-elementor-post-type=\"page\">\n\t\t\t\t<div class=\"elementor-element elementor-element-552904c e-con-full e-flex e-con e-parent\" data-id=\"552904c\" data-element_type=\"container\" data-settings=\"{&quot;background_background&quot;:&quot;classic&quot;}\">\n\t\t\t\t<div class=\"elementor-element elementor-element-01b2114 elementor-invisible elementor-widget elementor-widget-heading\" data-id=\"01b2114\" data-element_type=\"widget\" data-settings=\"{&quot;_animation&quot;:&quot;fadeInLeft&quot;}\" data-widget_type=\"heading.default\">\n\t\t\t\t<div class=\"elementor-widget-container\">\n\t\t\t\t\t<h1 class=\"elementor-heading-title elementor-size-default\">About Us<\/h1>\t\t\t\t<\/div>\n\t\t\t\t<\/div>\n\t\t\t\t<\/div>\n\t\t<div class=\"elementor-element elementor-element-3b8ae40 e-con-full e-flex e-con e-parent\" data-id=\"3b8ae40\" data-element_type=\"container\">\n\t\t<div class=\"elementor-element elementor-element-5e65637 e-grid e-con-full e-con e-child\" data-id=\"5e65637\" data-element_type=\"container\">\n\t\t\t\t<div class=\"elementor-element elementor-element-920a7ba elementor-invisible elementor-widget elementor-widget-image\" data-id=\"920a7ba\" data-element_type=\"widget\" data-settings=\"{&quot;_animation&quot;:&quot;fadeIn&quot;}\" data-widget_type=\"image.default\">\n\t\t\t\t<div class=\"elementor-widget-container\">\n\t\t\t\t\t\t\t\t\t\t\t\t\t\t\t<img fetchpriority=\"high\" decoding=\"async\" width=\"435\" height=\"435\" src=\"https:\/\/prysmianpro.com\/wp-content\/uploads\/2024\/06\/img-nosotros.png\" class=\"attachment-large size-large wp-image-19398\" alt=\"Imagen sosteniendo celular con la mano\" srcset=\"https:\/\/prysmianpro.com\/wp-content\/uploads\/2024\/06\/img-nosotros.png 435w, https:\/\/prysmianpro.com\/wp-content\/uploads\/2024\/06\/img-nosotros-300x300.png 300w, https:\/\/prysmianpro.com\/wp-content\/uploads\/2024\/06\/img-nosotros-150x150.png 150w, https:\/\/prysmianpro.com\/wp-content\/uploads\/2024\/06\/img-nosotros-12x12.png 12w, https:\/\/prysmianpro.com\/wp-content\/uploads\/2024\/06\/img-nosotros-24x24.png 24w, https:\/\/prysmianpro.com\/wp-content\/uploads\/2024\/06\/img-nosotros-48x48.png 48w, https:\/\/prysmianpro.com\/wp-content\/uploads\/2024\/06\/img-nosotros-96x96.png 96w\" sizes=\"(max-width: 435px) 100vw, 435px\" \/>\t\t\t\t\t\t\t\t\t\t\t\t\t\t\t<\/div>\n\t\t\t\t<\/div>\n\t\t<div class=\"elementor-element elementor-element-87ad11b e-con-full e-flex e-con e-child\" data-id=\"87ad11b\" data-element_type=\"container\">\n\t\t\t\t<div class=\"elementor-element elementor-element-4506f20 elementor-invisible elementor-widget elementor-widget-heading\" data-id=\"4506f20\" data-element_type=\"widget\" data-settings=\"{&quot;_animation&quot;:&quot;fadeInDown&quot;}\" data-widget_type=\"heading.default\">\n\t\t\t\t<div class=\"elementor-widget-container\">\n\t\t\t\t\t<h2 class=\"elementor-heading-title elementor-size-default\">Leading the energy transition\nand digital transformation<\/h2>\t\t\t\t<\/div>\n\t\t\t\t<\/div>\n\t\t\t\t<div class=\"elementor-element elementor-element-742fa4c elementor-invisible elementor-widget elementor-widget-text-editor\" data-id=\"742fa4c\" data-element_type=\"widget\" data-settings=\"{&quot;_animation&quot;:&quot;fadeIn&quot;}\" data-widget_type=\"text-editor.default\">\n\t\t\t\t<div class=\"elementor-widget-container\">\n\t\t\t\t\t\t\t\t\t<p>We leverage market trends to become a global provider <strong>of wiring solutions<\/strong><\/p><p>From the depths of the ocean to the pinnacles of the world's tallest buildings, we drive new forms of energy and information to every corner of the earth<\/p><p>We offer the widest range of services in the industry. <br \/>Each year, <strong>Prysmian manufactures thousands of kilometers of<\/strong> submarine cables and systems for energy transmission and distribution, as well as medium and low voltage cables for the construction and infrastructure sectors. We also produce a wide range of optical fibers, copper cables, and connectivity systems for voice, video, and data transmission in the telecommunications sector<br \/>\u200b<\/p>\t\t\t\t\t\t\t\t<\/div>\n\t\t\t\t<\/div>\n\t\t\t\t<\/div>\n\t\t\t\t<\/div>\n\t\t\t\t<\/div>\n\t\t<div class=\"elementor-element elementor-element-7ff8279 e-con-full e-flex e-con e-parent\" data-id=\"7ff8279\" data-element_type=\"container\" data-settings=\"{&quot;background_background&quot;:&quot;gradient&quot;}\">\n\t\t\t\t<div class=\"elementor-element elementor-element-cabaae7 elementor-invisible elementor-widget elementor-widget-image\" data-id=\"cabaae7\" data-element_type=\"widget\" data-settings=\"{&quot;_animation&quot;:&quot;fadeInDown&quot;}\" data-widget_type=\"image.default\">\n\t\t\t\t<div class=\"elementor-widget-container\">\n\t\t\t\t\t\t\t\t\t\t\t\t\t\t\t<img decoding=\"async\" width=\"355\" height=\"45\" src=\"https:\/\/prysmianpro.com\/wp-content\/uploads\/2024\/06\/Group-89.svg\" class=\"attachment-full size-full wp-image-19397\" alt=\"Logo General Cable\" \/>\t\t\t\t\t\t\t\t\t\t\t\t\t\t\t<\/div>\n\t\t\t\t<\/div>\n\t\t\t\t<div class=\"elementor-element elementor-element-d787064 elementor-invisible elementor-widget elementor-widget-image\" data-id=\"d787064\" data-element_type=\"widget\" data-settings=\"{&quot;_animation&quot;:&quot;fadeInUp&quot;}\" data-widget_type=\"image.default\">\n\t\t\t\t<div class=\"elementor-widget-container\">\n\t\t\t\t\t\t\t\t\t\t\t\t\t\t\t<img decoding=\"async\" width=\"147\" height=\"45\" src=\"https:\/\/prysmianpro.com\/wp-content\/uploads\/2024\/06\/Group-90.svg\" class=\"attachment-full size-full wp-image-19396\" alt=\"Logo Draka\" \/>\t\t\t\t\t\t\t\t\t\t\t\t\t\t\t<\/div>\n\t\t\t\t<\/div>\n\t\t\t\t<div class=\"elementor-element elementor-element-897b5a3 elementor-invisible elementor-widget elementor-widget-image\" data-id=\"897b5a3\" data-element_type=\"widget\" data-settings=\"{&quot;_animation&quot;:&quot;fadeInDown&quot;}\" data-widget_type=\"image.default\">\n\t\t\t\t<div class=\"elementor-widget-container\">\n\t\t\t\t\t\t\t\t\t\t\t\t\t\t\t<img loading=\"lazy\" decoding=\"async\" width=\"118\" height=\"41\" src=\"https:\/\/prysmianpro.com\/wp-content\/uploads\/2024\/05\/logo-phelps-header.svg\" class=\"attachment-full size-full wp-image-19296\" alt=\"Logo phelps dodge\" \/>\t\t\t\t\t\t\t\t\t\t\t\t\t\t\t<\/div>\n\t\t\t\t<\/div>\n\t\t\t\t<div class=\"elementor-element elementor-element-adb5a87 elementor-invisible elementor-widget elementor-widget-image\" data-id=\"adb5a87\" data-element_type=\"widget\" data-settings=\"{&quot;_animation&quot;:&quot;fadeInUp&quot;}\" data-widget_type=\"image.default\">\n\t\t\t\t<div class=\"elementor-widget-container\">\n\t\t\t\t\t\t\t\t\t\t\t\t\t\t\t<img loading=\"lazy\" decoding=\"async\" width=\"185\" height=\"58\" src=\"https:\/\/prysmianpro.com\/wp-content\/uploads\/2024\/06\/Group-92.svg\" class=\"attachment-full size-full wp-image-19394\" alt=\"Logo Gen Speed Brand\" \/>\t\t\t\t\t\t\t\t\t\t\t\t\t\t\t<\/div>\n\t\t\t\t<\/div>\n\t\t\t\t<div class=\"elementor-element elementor-element-456c9c3 elementor-invisible elementor-widget elementor-widget-image\" data-id=\"456c9c3\" data-element_type=\"widget\" data-settings=\"{&quot;_animation&quot;:&quot;fadeInDown&quot;}\" data-widget_type=\"image.default\">\n\t\t\t\t<div class=\"elementor-widget-container\">\n\t\t\t\t\t\t\t\t\t\t\t\t\t\t\t<img loading=\"lazy\" decoding=\"async\" width=\"200\" height=\"52\" src=\"https:\/\/prysmianpro.com\/wp-content\/uploads\/2024\/06\/Group-87.svg\" class=\"attachment-full size-full wp-image-19393\" alt=\"Logo Carol\" \/>\t\t\t\t\t\t\t\t\t\t\t\t\t\t\t<\/div>\n\t\t\t\t<\/div>\n\t\t\t\t<\/div>\n\t\t<div class=\"elementor-element elementor-element-2525017 e-con-full e-flex e-con e-parent\" data-id=\"2525017\" data-element_type=\"container\" data-settings=\"{&quot;background_background&quot;:&quot;classic&quot;}\">\n\t\t<div class=\"elementor-element elementor-element-615705b e-grid e-con-full e-con e-child\" data-id=\"615705b\" data-element_type=\"container\">\n\t\t<div class=\"elementor-element elementor-element-a2948ff e-con-full e-flex e-con e-child\" data-id=\"a2948ff\" data-element_type=\"container\">\n\t\t\t\t<div class=\"elementor-element elementor-element-7233b91 elementor-invisible elementor-widget elementor-widget-heading\" data-id=\"7233b91\" data-element_type=\"widget\" data-settings=\"{&quot;_animation&quot;:&quot;fadeInLeft&quot;}\" data-widget_type=\"heading.default\">\n\t\t\t\t<div class=\"elementor-widget-container\">\n\t\t\t\t\t<h2 class=\"elementor-heading-title elementor-size-default\">Mission<\/h2>\t\t\t\t<\/div>\n\t\t\t\t<\/div>\n\t\t\t\t<div class=\"elementor-element elementor-element-8c6b4b3 elementor-invisible elementor-widget elementor-widget-image\" data-id=\"8c6b4b3\" data-element_type=\"widget\" data-settings=\"{&quot;_animation&quot;:&quot;fadeIn&quot;}\" data-widget_type=\"image.default\">\n\t\t\t\t<div class=\"elementor-widget-container\">\n\t\t\t\t\t\t\t\t\t\t\t\t\t\t\t<img alt=\"\" loading=\"lazy\" decoding=\"async\" width=\"223\" height=\"6\" src=\"https:\/\/prysmianpro.com\/wp-content\/uploads\/2024\/06\/Riga.svg\" class=\"attachment-full size-full wp-image-19403\" \/>\t\t\t\t\t\t\t\t\t\t\t\t\t\t\t<\/div>\n\t\t\t\t<\/div>\n\t\t\t\t<div class=\"elementor-element elementor-element-6579d58 elementor-widget-widescreen__width-initial elementor-invisible elementor-widget elementor-widget-text-editor\" data-id=\"6579d58\" data-element_type=\"widget\" data-settings=\"{&quot;_animation&quot;:&quot;fadeIn&quot;}\" data-widget_type=\"text-editor.default\">\n\t\t\t\t<div class=\"elementor-widget-container\">\n\t\t\t\t\t\t\t\t\t<p>We provide our customers with superior cable solutions based on cutting-edge technology and consistent execution excellence, ultimately driving sustainable growth and profitability. A strong reputation for performance and innovation helps us achieve sustainable growth and profitability. But we don't just aim to be good in business. We strive to do business well. That's why our values are so important to us. The things we do and how we approach them are an opportunity to demonstrate our pride in our work<\/p>\t\t\t\t\t\t\t\t<\/div>\n\t\t\t\t<\/div>\n\t\t\t\t<\/div>\n\t\t<div class=\"elementor-element elementor-element-e62bfb7 e-flex e-con-boxed e-con e-child\" data-id=\"e62bfb7\" data-element_type=\"container\">\n\t\t\t\t\t<div class=\"e-con-inner\">\n\t\t\t\t<div class=\"elementor-element elementor-element-f219127 elementor-invisible elementor-widget elementor-widget-image\" data-id=\"f219127\" data-element_type=\"widget\" data-settings=\"{&quot;_animation&quot;:&quot;fadeInRight&quot;}\" data-widget_type=\"image.default\">\n\t\t\t\t<div class=\"elementor-widget-container\">\n\t\t\t\t\t\t\t\t\t\t\t\t\t\t\t<img loading=\"lazy\" decoding=\"async\" width=\"369\" height=\"316\" src=\"https:\/\/prysmianpro.com\/wp-content\/uploads\/2024\/06\/Capa_1.svg\" class=\"attachment-full size-full wp-image-19405\" alt=\"Logo misi\u00f3n\" \/>\t\t\t\t\t\t\t\t\t\t\t\t\t\t\t<\/div>\n\t\t\t\t<\/div>\n\t\t\t\t\t<\/div>\n\t\t\t\t<\/div>\n\t\t\t\t<\/div>\n\t\t\t\t<\/div>\n\t\t<div class=\"elementor-element elementor-element-b07e4a3 e-con-full e-flex e-con e-parent\" data-id=\"b07e4a3\" data-element_type=\"container\" data-settings=\"{&quot;background_background&quot;:&quot;classic&quot;}\">\n\t\t<div class=\"elementor-element elementor-element-2b885e1 e-grid e-con-full e-con e-child\" data-id=\"2b885e1\" data-element_type=\"container\">\n\t\t\t\t<div class=\"elementor-element elementor-element-7857241 elementor-widget-widescreen__width-initial elementor-widget-laptop__width-initial elementor-widget-mobile__width-inherit elementor-invisible elementor-widget elementor-widget-image\" data-id=\"7857241\" data-element_type=\"widget\" data-settings=\"{&quot;_animation&quot;:&quot;fadeInLeft&quot;}\" data-widget_type=\"image.default\">\n\t\t\t\t<div class=\"elementor-widget-container\">\n\t\t\t\t\t\t\t\t\t\t\t\t\t\t\t<img loading=\"lazy\" decoding=\"async\" width=\"315\" height=\"316\" src=\"https:\/\/prysmianpro.com\/wp-content\/uploads\/2024\/06\/Capa_1flecha.svg\" class=\"attachment-full size-full wp-image-19406\" alt=\"Logo Visi\u00f3n\" \/>\t\t\t\t\t\t\t\t\t\t\t\t\t\t\t<\/div>\n\t\t\t\t<\/div>\n\t\t<div class=\"elementor-element elementor-element-a6243ae e-con-full e-flex e-con e-child\" data-id=\"a6243ae\" data-element_type=\"container\">\n\t\t\t\t<div class=\"elementor-element elementor-element-99c9b5d elementor-invisible elementor-widget elementor-widget-heading\" data-id=\"99c9b5d\" data-element_type=\"widget\" data-settings=\"{&quot;_animation&quot;:&quot;fadeInDown&quot;}\" data-widget_type=\"heading.default\">\n\t\t\t\t<div class=\"elementor-widget-container\">\n\t\t\t\t\t<h2 class=\"elementor-heading-title elementor-size-default\">Vision<\/h2>\t\t\t\t<\/div>\n\t\t\t\t<\/div>\n\t\t\t\t<div class=\"elementor-element elementor-element-d310f13 elementor-invisible elementor-widget elementor-widget-image\" data-id=\"d310f13\" data-element_type=\"widget\" data-settings=\"{&quot;_animation&quot;:&quot;fadeIn&quot;}\" data-widget_type=\"image.default\">\n\t\t\t\t<div class=\"elementor-widget-container\">\n\t\t\t\t\t\t\t\t\t\t\t\t\t\t\t<img alt=\"\" loading=\"lazy\" decoding=\"async\" width=\"223\" height=\"6\" src=\"https:\/\/prysmianpro.com\/wp-content\/uploads\/2024\/06\/Riga.svg\" class=\"attachment-full size-full wp-image-19403\" \/>\t\t\t\t\t\t\t\t\t\t\t\t\t\t\t<\/div>\n\t\t\t\t<\/div>\n\t\t\t\t<div class=\"elementor-element elementor-element-ce5a0c4 elementor-invisible elementor-widget elementor-widget-text-editor\" data-id=\"ce5a0c4\" data-element_type=\"widget\" data-settings=\"{&quot;_animation&quot;:&quot;fadeIn&quot;}\" data-widget_type=\"text-editor.default\">\n\t\t\t\t<div class=\"elementor-widget-container\">\n\t\t\t\t\t\t\t\t\t<p>Energy and information help communities thrive. That's why it's crucial for them to always be available and supplied efficiently. Effectively. Sustainably.<br \/>Whoever the customer. Wherever they are. No matter how challenging the environment they operate in. We are committed to keeping them connected. Every day, we all have the opportunity to make our vision a reality through our actions. No matter how big or small, the things we do each day add up over time and help us fulfill our mission.<\/p>\t\t\t\t\t\t\t\t<\/div>\n\t\t\t\t<\/div>\n\t\t\t\t<\/div>\n\t\t\t\t<\/div>\n\t\t\t\t<\/div>\n\t\t<div class=\"elementor-element elementor-element-b003ebb e-con-full e-flex e-con e-parent\" data-id=\"b003ebb\" data-element_type=\"container\" data-settings=\"{&quot;background_background&quot;:&quot;classic&quot;}\">\n\t\t<div class=\"elementor-element elementor-element-1e56e4e e-grid e-con-full e-con e-child\" data-id=\"1e56e4e\" data-element_type=\"container\">\n\t\t<div class=\"elementor-element elementor-element-0f90e38 e-con-full e-flex e-con e-child\" data-id=\"0f90e38\" data-element_type=\"container\">\n\t\t\t\t<div class=\"elementor-element elementor-element-3da52cc elementor-invisible elementor-widget elementor-widget-heading\" data-id=\"3da52cc\" data-element_type=\"widget\" data-settings=\"{&quot;_animation&quot;:&quot;fadeInDown&quot;}\" data-widget_type=\"heading.default\">\n\t\t\t\t<div class=\"elementor-widget-container\">\n\t\t\t\t\t<h2 class=\"elementor-heading-title elementor-size-default\">Values<\/h2>\t\t\t\t<\/div>\n\t\t\t\t<\/div>\n\t\t\t\t<div class=\"elementor-element elementor-element-b17b54b elementor-invisible elementor-widget elementor-widget-image\" data-id=\"b17b54b\" data-element_type=\"widget\" data-settings=\"{&quot;_animation&quot;:&quot;fadeIn&quot;}\" data-widget_type=\"image.default\">\n\t\t\t\t<div class=\"elementor-widget-container\">\n\t\t\t\t\t\t\t\t\t\t\t\t\t\t\t<img alt=\"\" loading=\"lazy\" decoding=\"async\" width=\"223\" height=\"6\" src=\"https:\/\/prysmianpro.com\/wp-content\/uploads\/2024\/06\/Riga.svg\" class=\"attachment-full size-full wp-image-19403\" \/>\t\t\t\t\t\t\t\t\t\t\t\t\t\t\t<\/div>\n\t\t\t\t<\/div>\n\t\t\t\t<div class=\"elementor-element elementor-element-e1ebb6a elementor-icon-list--layout-inline elementor-mobile-align-center elementor-list-item-link-full_width elementor-invisible elementor-widget elementor-widget-icon-list\" data-id=\"e1ebb6a\" data-element_type=\"widget\" data-settings=\"{&quot;_animation&quot;:&quot;fadeInLeft&quot;}\" data-widget_type=\"icon-list.default\">\n\t\t\t\t<div class=\"elementor-widget-container\">\n\t\t\t\t\t\t\t<ul class=\"elementor-icon-list-items elementor-inline-items\">\n\t\t\t\t\t\t\t<li class=\"elementor-icon-list-item elementor-inline-item\">\n\t\t\t\t\t\t\t\t\t\t<span class=\"elementor-icon-list-text\">DRIVE<\/span>\n\t\t\t\t\t\t\t\t\t<\/li>\n\t\t\t\t\t\t\t\t<li class=\"elementor-icon-list-item elementor-inline-item\">\n\t\t\t\t\t\t\t\t\t\t<span class=\"elementor-icon-list-text\">TRUST<\/span>\n\t\t\t\t\t\t\t\t\t<\/li>\n\t\t\t\t\t\t\t\t<li class=\"elementor-icon-list-item elementor-inline-item\">\n\t\t\t\t\t\t\t\t\t\t<span class=\"elementor-icon-list-text\">SIMPLICITY<\/span>\n\t\t\t\t\t\t\t\t\t<\/li>\n\t\t\t\t\t\t<\/ul>\n\t\t\t\t\t\t<\/div>\n\t\t\t\t<\/div>\n\t\t\t\t<div class=\"elementor-element elementor-element-3541f05 elementor-invisible elementor-widget elementor-widget-text-editor\" data-id=\"3541f05\" data-element_type=\"widget\" data-settings=\"{&quot;_animation&quot;:&quot;fadeIn&quot;}\" data-widget_type=\"text-editor.default\">\n\t\t\t\t<div class=\"elementor-widget-container\">\n\t\t\t\t\t\t\t\t\t<p>Our global workforce is valued for its knowledge, skills, and experience. Each of us is unique, but we are united by our drive to succeed. Working with shared values to achieve our goals together.<br \/>\u200b<\/p>\t\t\t\t\t\t\t\t<\/div>\n\t\t\t\t<\/div>\n\t\t\t\t<\/div>\n\t\t\t\t<div class=\"elementor-element elementor-element-d636a61 elementor-invisible elementor-widget elementor-widget-image\" data-id=\"d636a61\" data-element_type=\"widget\" data-settings=\"{&quot;_animation&quot;:&quot;fadeInRight&quot;}\" data-widget_type=\"image.default\">\n\t\t\t\t<div class=\"elementor-widget-container\">\n\t\t\t\t\t\t\t\t\t\t\t\t\t\t\t<img alt=\"\" loading=\"lazy\" decoding=\"async\" width=\"311\" height=\"275\" src=\"https:\/\/prysmianpro.com\/wp-content\/uploads\/2024\/06\/Capa_1ok.svg\" class=\"attachment-full size-full wp-image-19423\" \/>\t\t\t\t\t\t\t\t\t\t\t\t\t\t\t<\/div>\n\t\t\t\t<\/div>\n\t\t\t\t<\/div>\n\t\t\t\t<\/div>\n\t\t\t\t<\/div>","protected":false},"excerpt":{"rendered":"<p>Sobre Nosotros Liderando la transici\u00f3n energ\u00e9tica y la transformaci\u00f3n digital Aprovechamos las oportunidades que ofrecen las tendencias del mercado para [&hellip;]<\/p>","protected":false},"author":1,"featured_media":0,"parent":0,"menu_order":0,"comment_status":"closed","ping_status":"closed","template":"","meta":{"_acf_changed":false,"_seopress_robots_primary_cat":"","_seopress_titles_title":"","_seopress_titles_desc":"","_seopress_robots_index":"","_bbp_topic_count":0,"_bbp_reply_count":0,"_bbp_total_topic_count":0,"_bbp_total_reply_count":0,"_bbp_voice_count":0,"_bbp_anonymous_reply_count":0,"_bbp_topic_count_hidden":0,"_bbp_reply_count_hidden":0,"_bbp_forum_subforum_count":0,"om_disable_all_campaigns":false,"inline_featured_image":false,"_uf_show_specific_survey":0,"_uf_disable_surveys":false,"two_page_speed":{"current_score":{"desktop_score":92,"desktop_tti":"0.6\u00a0","mobile_score":90,"mobile_tti":"3.0\u00a0","date":"12.03.2026 08:55:24 am","status":"completed"}},"footnotes":""},"class_list":["post-19356","page","type-page","status-publish","hentry"],"acf":[],"_links":{"self":[{"href":"https:\/\/prysmianpro.com\/en\/wp-json\/wp\/v2\/pages\/19356","targetHints":{"allow":["GET"]}}],"collection":[{"href":"https:\/\/prysmianpro.com\/en\/wp-json\/wp\/v2\/pages"}],"about":[{"href":"https:\/\/prysmianpro.com\/en\/wp-json\/wp\/v2\/types\/page"}],"author":[{"embeddable":true,"href":"https:\/\/prysmianpro.com\/en\/wp-json\/wp\/v2\/users\/1"}],"replies":[{"embeddable":true,"href":"https:\/\/prysmianpro.com\/en\/wp-json\/wp\/v2\/comments?post=19356"}],"version-history":[{"count":91,"href":"https:\/\/prysmianpro.com\/en\/wp-json\/wp\/v2\/pages\/19356\/revisions"}],"predecessor-version":[{"id":29110,"href":"https:\/\/prysmianpro.com\/en\/wp-json\/wp\/v2\/pages\/19356\/revisions\/29110"}],"wp:attachment":[{"href":"https:\/\/prysmianpro.com\/en\/wp-json\/wp\/v2\/media?parent=19356"}],"curies":[{"name":"wp","href":"https:\/\/api.w.org\/{rel}","templated":true}]}}